{"id":2253,"date":"2023-10-15T16:25:09","date_gmt":"2023-10-15T19:25:09","guid":{"rendered":"https:\/\/sucostrescoqueiros.com.br\/?page_id=2253"},"modified":"2025-01-07T15:19:39","modified_gmt":"2025-01-07T18:19:39","slug":"produtos","status":"publish","type":"page","link":"https:\/\/sucostrescoqueiros.com.br\/index.php\/produtos\/","title":{"rendered":"Produtos"},"content":{"rendered":"\t\t<div data-elementor-type=\"wp-page\" data-elementor-id=\"2253\" class=\"elementor elementor-2253\" data-elementor-post-type=\"page\">\n\t\t\t\t<div class=\"elementor-element elementor-element-e49cba8 e-flex e-con-boxed e-con e-parent\" data-id=\"e49cba8\" data-element_type=\"container\" data-e-type=\"container\" data-settings=\"{&quot;background_background&quot;:&quot;classic&quot;}\">\n\t\t\t\t\t<div class=\"e-con-inner\">\n\t\t\t\t<div class=\"elementor-element elementor-element-f9d3a7a elementor-widget elementor-widget-image\" data-id=\"f9d3a7a\" data-element_type=\"widget\" data-e-type=\"widget\" data-widget_type=\"image.default\">\n\t\t\t\t<div class=\"elementor-widget-container\">\n\t\t\t\t\t\t\t\t\t\t\t\t\t\t\t<img decoding=\"async\" src=\"https:\/\/sucostrescoqueiros.com.br\/wp-content\/uploads\/2023\/09\/Logo-Completo-Suco-Natural-fundo-preto_3734_3922-scaled.webp\" title=\"\" alt=\"\" loading=\"lazy\" \/>\t\t\t\t\t\t\t\t\t\t\t\t\t\t\t<\/div>\n\t\t\t\t<\/div>\n\t\t\t\t\t<\/div>\n\t\t\t\t<\/div>\n\t\t<div class=\"elementor-element elementor-element-86f9226 e-con-full e-flex e-con e-parent\" data-id=\"86f9226\" data-element_type=\"container\" data-e-type=\"container\" data-settings=\"{&quot;background_background&quot;:&quot;classic&quot;}\">\n\t\t\t\t<\/div>\n\t\t\t\t<\/div>\n\t\t","protected":false},"excerpt":{"rendered":"<p>Sucos Naturais Suco de Abacaxi A ess\u00eancia artesanal do abacaxi se destila em um l\u00edquido dourado, exuberante em vitamina C e mangan\u00eas, sem um tra\u00e7o sequer de aditivos. Suco de Laranja Suco Artesanal, nosso suco \u00e9 100% natural, integral e artesanal, este suco de laranja \u00e9 abundante em vitamina C, capturando a ess\u00eancia pura de&#8230;<\/p>\n","protected":false},"author":1,"featured_media":0,"parent":0,"menu_order":0,"comment_status":"closed","ping_status":"closed","template":"elementor_canvas","meta":{"_kadence_starter_templates_imported_post":false,"_kad_post_transparent":"","_kad_post_title":"hide","_kad_post_layout":"fullwidth","_kad_post_sidebar_id":"","_kad_post_content_style":"unboxed","_kad_post_vertical_padding":"hide","_kad_post_feature":"hide","_kad_post_feature_position":"","_kad_post_header":false,"_kad_post_footer":false,"_kad_post_classname":"","footnotes":""},"class_list":["post-2253","page","type-page","status-publish","hentry"],"yoast_head":"<!-- This site is optimized with the Yoast SEO plugin v27.4 - https:\/\/yoast.com\/product\/yoast-seo-wordpress\/ -->\n<title>Produtos - Sucos Tr\u00eas Coqueiros<\/title>\n<meta name=\"description\" content=\"Produtos Sucos Tr\u00eas Coqueiros\" \/>\n<meta name=\"robots\" content=\"index, follow, max-snippet:-1, max-image-preview:large, max-video-preview:-1\" \/>\n<link rel=\"canonical\" href=\"https:\/\/sucostrescoqueiros.com.br\/index.php\/produtos\/\" \/>\n<meta property=\"og:locale\" content=\"pt_BR\" \/>\n<meta property=\"og:type\" content=\"article\" \/>\n<meta property=\"og:title\" content=\"Produtos - Sucos Tr\u00eas Coqueiros\" \/>\n<meta property=\"og:description\" content=\"Produtos Sucos Tr\u00eas Coqueiros\" \/>\n<meta property=\"og:url\" content=\"https:\/\/sucostrescoqueiros.com.br\/index.php\/produtos\/\" \/>\n<meta property=\"og:site_name\" content=\"Sucos Tr\u00eas Coqueiros\" \/>\n<meta property=\"article:modified_time\" content=\"2025-01-07T18:19:39+00:00\" \/>\n<meta property=\"og:image\" content=\"https:\/\/sucostrescoqueiros.com.br\/wp-content\/uploads\/2023\/09\/Logo-Completo-Suco-Natural-fundo-preto_3734_3922-scaled.webp\" \/>\n<meta name=\"twitter:card\" content=\"summary_large_image\" \/>\n<meta name=\"twitter:label1\" content=\"Est. tempo de leitura\" \/>\n\t<meta name=\"twitter:data1\" content=\"7 minutos\" \/>\n<script type=\"application\/ld+json\" class=\"yoast-schema-graph\">{\"@context\":\"https:\\\/\\\/schema.org\",\"@graph\":[{\"@type\":\"WebPage\",\"@id\":\"https:\\\/\\\/sucostrescoqueiros.com.br\\\/index.php\\\/produtos\\\/\",\"url\":\"https:\\\/\\\/sucostrescoqueiros.com.br\\\/index.php\\\/produtos\\\/\",\"name\":\"Produtos - Sucos Tr\u00eas Coqueiros\",\"isPartOf\":{\"@id\":\"https:\\\/\\\/sucostrescoqueiros.com.br\\\/#website\"},\"primaryImageOfPage\":{\"@id\":\"https:\\\/\\\/sucostrescoqueiros.com.br\\\/index.php\\\/produtos\\\/#primaryimage\"},\"image\":{\"@id\":\"https:\\\/\\\/sucostrescoqueiros.com.br\\\/index.php\\\/produtos\\\/#primaryimage\"},\"thumbnailUrl\":\"https:\\\/\\\/sucostrescoqueiros.com.br\\\/wp-content\\\/uploads\\\/2023\\\/09\\\/Logo-Completo-Suco-Natural-fundo-preto_3734_3922-scaled.webp\",\"datePublished\":\"2023-10-15T19:25:09+00:00\",\"dateModified\":\"2025-01-07T18:19:39+00:00\",\"description\":\"Produtos Sucos Tr\u00eas Coqueiros\",\"breadcrumb\":{\"@id\":\"https:\\\/\\\/sucostrescoqueiros.com.br\\\/index.php\\\/produtos\\\/#breadcrumb\"},\"inLanguage\":\"pt-BR\",\"potentialAction\":[{\"@type\":\"ReadAction\",\"target\":[\"https:\\\/\\\/sucostrescoqueiros.com.br\\\/index.php\\\/produtos\\\/\"]}]},{\"@type\":\"ImageObject\",\"inLanguage\":\"pt-BR\",\"@id\":\"https:\\\/\\\/sucostrescoqueiros.com.br\\\/index.php\\\/produtos\\\/#primaryimage\",\"url\":\"https:\\\/\\\/sucostrescoqueiros.com.br\\\/wp-content\\\/uploads\\\/2023\\\/09\\\/Logo-Completo-Suco-Natural-fundo-preto_3734_3922-scaled.webp\",\"contentUrl\":\"https:\\\/\\\/sucostrescoqueiros.com.br\\\/wp-content\\\/uploads\\\/2023\\\/09\\\/Logo-Completo-Suco-Natural-fundo-preto_3734_3922-scaled.webp\"},{\"@type\":\"BreadcrumbList\",\"@id\":\"https:\\\/\\\/sucostrescoqueiros.com.br\\\/index.php\\\/produtos\\\/#breadcrumb\",\"itemListElement\":[{\"@type\":\"ListItem\",\"position\":1,\"name\":\"In\u00edcio\",\"item\":\"https:\\\/\\\/sucostrescoqueiros.com.br\\\/\"},{\"@type\":\"ListItem\",\"position\":2,\"name\":\"Produtos\"}]},{\"@type\":\"WebSite\",\"@id\":\"https:\\\/\\\/sucostrescoqueiros.com.br\\\/#website\",\"url\":\"https:\\\/\\\/sucostrescoqueiros.com.br\\\/\",\"name\":\"Sucos Tr\u00eas Coqueiros\",\"description\":\"Sucos naturais excepcionais\",\"publisher\":{\"@id\":\"https:\\\/\\\/sucostrescoqueiros.com.br\\\/#organization\"},\"potentialAction\":[{\"@type\":\"SearchAction\",\"target\":{\"@type\":\"EntryPoint\",\"urlTemplate\":\"https:\\\/\\\/sucostrescoqueiros.com.br\\\/?s={search_term_string}\"},\"query-input\":{\"@type\":\"PropertyValueSpecification\",\"valueRequired\":true,\"valueName\":\"search_term_string\"}}],\"inLanguage\":\"pt-BR\"},{\"@type\":\"Organization\",\"@id\":\"https:\\\/\\\/sucostrescoqueiros.com.br\\\/#organization\",\"name\":\"Sucos Tr\u00eas Coqueiros\",\"url\":\"https:\\\/\\\/sucostrescoqueiros.com.br\\\/\",\"logo\":{\"@type\":\"ImageObject\",\"inLanguage\":\"pt-BR\",\"@id\":\"https:\\\/\\\/sucostrescoqueiros.com.br\\\/#\\\/schema\\\/logo\\\/image\\\/\",\"url\":\"https:\\\/\\\/sucostrescoqueiros.com.br\\\/wp-content\\\/uploads\\\/2023\\\/09\\\/Logo-Completo-Suco-Natural-T_3734_3922-scaled.webp\",\"contentUrl\":\"https:\\\/\\\/sucostrescoqueiros.com.br\\\/wp-content\\\/uploads\\\/2023\\\/09\\\/Logo-Completo-Suco-Natural-T_3734_3922-scaled.webp\",\"width\":2437,\"height\":2560,\"caption\":\"Sucos Tr\u00eas Coqueiros\"},\"image\":{\"@id\":\"https:\\\/\\\/sucostrescoqueiros.com.br\\\/#\\\/schema\\\/logo\\\/image\\\/\"},\"sameAs\":[\"https:\\\/\\\/www.instagram.com\\\/sucos_tres_coqueiros_\\\/\"]}]}<\/script>\n<!-- \/ Yoast SEO plugin. -->","yoast_head_json":{"title":"Produtos - Sucos Tr\u00eas Coqueiros","description":"Produtos Sucos Tr\u00eas Coqueiros","robots":{"index":"index","follow":"follow","max-snippet":"max-snippet:-1","max-image-preview":"max-image-preview:large","max-video-preview":"max-video-preview:-1"},"canonical":"https:\/\/sucostrescoqueiros.com.br\/index.php\/produtos\/","og_locale":"pt_BR","og_type":"article","og_title":"Produtos - Sucos Tr\u00eas Coqueiros","og_description":"Produtos Sucos Tr\u00eas Coqueiros","og_url":"https:\/\/sucostrescoqueiros.com.br\/index.php\/produtos\/","og_site_name":"Sucos Tr\u00eas Coqueiros","article_modified_time":"2025-01-07T18:19:39+00:00","og_image":[{"url":"https:\/\/sucostrescoqueiros.com.br\/wp-content\/uploads\/2023\/09\/Logo-Completo-Suco-Natural-fundo-preto_3734_3922-scaled.webp","type":"","width":"","height":""}],"twitter_card":"summary_large_image","twitter_misc":{"Est. tempo de leitura":"7 minutos"},"schema":{"@context":"https:\/\/schema.org","@graph":[{"@type":"WebPage","@id":"https:\/\/sucostrescoqueiros.com.br\/index.php\/produtos\/","url":"https:\/\/sucostrescoqueiros.com.br\/index.php\/produtos\/","name":"Produtos - Sucos Tr\u00eas Coqueiros","isPartOf":{"@id":"https:\/\/sucostrescoqueiros.com.br\/#website"},"primaryImageOfPage":{"@id":"https:\/\/sucostrescoqueiros.com.br\/index.php\/produtos\/#primaryimage"},"image":{"@id":"https:\/\/sucostrescoqueiros.com.br\/index.php\/produtos\/#primaryimage"},"thumbnailUrl":"https:\/\/sucostrescoqueiros.com.br\/wp-content\/uploads\/2023\/09\/Logo-Completo-Suco-Natural-fundo-preto_3734_3922-scaled.webp","datePublished":"2023-10-15T19:25:09+00:00","dateModified":"2025-01-07T18:19:39+00:00","description":"Produtos Sucos Tr\u00eas Coqueiros","breadcrumb":{"@id":"https:\/\/sucostrescoqueiros.com.br\/index.php\/produtos\/#breadcrumb"},"inLanguage":"pt-BR","potentialAction":[{"@type":"ReadAction","target":["https:\/\/sucostrescoqueiros.com.br\/index.php\/produtos\/"]}]},{"@type":"ImageObject","inLanguage":"pt-BR","@id":"https:\/\/sucostrescoqueiros.com.br\/index.php\/produtos\/#primaryimage","url":"https:\/\/sucostrescoqueiros.com.br\/wp-content\/uploads\/2023\/09\/Logo-Completo-Suco-Natural-fundo-preto_3734_3922-scaled.webp","contentUrl":"https:\/\/sucostrescoqueiros.com.br\/wp-content\/uploads\/2023\/09\/Logo-Completo-Suco-Natural-fundo-preto_3734_3922-scaled.webp"},{"@type":"BreadcrumbList","@id":"https:\/\/sucostrescoqueiros.com.br\/index.php\/produtos\/#breadcrumb","itemListElement":[{"@type":"ListItem","position":1,"name":"In\u00edcio","item":"https:\/\/sucostrescoqueiros.com.br\/"},{"@type":"ListItem","position":2,"name":"Produtos"}]},{"@type":"WebSite","@id":"https:\/\/sucostrescoqueiros.com.br\/#website","url":"https:\/\/sucostrescoqueiros.com.br\/","name":"Sucos Tr\u00eas Coqueiros","description":"Sucos naturais excepcionais","publisher":{"@id":"https:\/\/sucostrescoqueiros.com.br\/#organization"},"potentialAction":[{"@type":"SearchAction","target":{"@type":"EntryPoint","urlTemplate":"https:\/\/sucostrescoqueiros.com.br\/?s={search_term_string}"},"query-input":{"@type":"PropertyValueSpecification","valueRequired":true,"valueName":"search_term_string"}}],"inLanguage":"pt-BR"},{"@type":"Organization","@id":"https:\/\/sucostrescoqueiros.com.br\/#organization","name":"Sucos Tr\u00eas Coqueiros","url":"https:\/\/sucostrescoqueiros.com.br\/","logo":{"@type":"ImageObject","inLanguage":"pt-BR","@id":"https:\/\/sucostrescoqueiros.com.br\/#\/schema\/logo\/image\/","url":"https:\/\/sucostrescoqueiros.com.br\/wp-content\/uploads\/2023\/09\/Logo-Completo-Suco-Natural-T_3734_3922-scaled.webp","contentUrl":"https:\/\/sucostrescoqueiros.com.br\/wp-content\/uploads\/2023\/09\/Logo-Completo-Suco-Natural-T_3734_3922-scaled.webp","width":2437,"height":2560,"caption":"Sucos Tr\u00eas Coqueiros"},"image":{"@id":"https:\/\/sucostrescoqueiros.com.br\/#\/schema\/logo\/image\/"},"sameAs":["https:\/\/www.instagram.com\/sucos_tres_coqueiros_\/"]}]}},"_hostinger_reach_plugin_has_subscription_block":false,"_hostinger_reach_plugin_is_elementor":false,"_links":{"self":[{"href":"https:\/\/sucostrescoqueiros.com.br\/index.php\/wp-json\/wp\/v2\/pages\/2253","targetHints":{"allow":["GET"]}}],"collection":[{"href":"https:\/\/sucostrescoqueiros.com.br\/index.php\/wp-json\/wp\/v2\/pages"}],"about":[{"href":"https:\/\/sucostrescoqueiros.com.br\/index.php\/wp-json\/wp\/v2\/types\/page"}],"author":[{"embeddable":true,"href":"https:\/\/sucostrescoqueiros.com.br\/index.php\/wp-json\/wp\/v2\/users\/1"}],"replies":[{"embeddable":true,"href":"https:\/\/sucostrescoqueiros.com.br\/index.php\/wp-json\/wp\/v2\/comments?post=2253"}],"version-history":[{"count":38,"href":"https:\/\/sucostrescoqueiros.com.br\/index.php\/wp-json\/wp\/v2\/pages\/2253\/revisions"}],"predecessor-version":[{"id":2477,"href":"https:\/\/sucostrescoqueiros.com.br\/index.php\/wp-json\/wp\/v2\/pages\/2253\/revisions\/2477"}],"wp:attachment":[{"href":"https:\/\/sucostrescoqueiros.com.br\/index.php\/wp-json\/wp\/v2\/media?parent=2253"}],"curies":[{"name":"wp","href":"https:\/\/api.w.org\/{rel}","templated":true}]}}